{"id":5974,"date":"2024-02-27T14:28:16","date_gmt":"2024-02-27T14:28:16","guid":{"rendered":"https:\/\/thoinuevo.thoi.art\/?page_id=5974"},"modified":"2025-12-01T18:59:23","modified_gmt":"2025-12-01T18:59:23","slug":"animation-motion-graphics","status":"publish","type":"page","link":"https:\/\/thoi.art\/es\/animation-motion-graphics\/","title":{"rendered":"Animaci\u00f3n\/Motion Graphics"},"content":{"rendered":"<div id=\"fws_69dedf62a790f\"  data-column-margin=\"default\" data-midnight=\"light\" data-top-percent=\"12%\" data-bottom-percent=\"12%\"  class=\"wpb_row vc_row-fluid vc_row full-width-content vc_row-o-equal-height vc_row-flex vc_row-o-content-top parallax_section right_padding_10pct left_padding_10pct top_padding_tablet_25pct\"  style=\"padding-top: calc(100vw * 0.12); padding-bottom: calc(100vw * 0.12); \"><div class=\"row-bg-wrap\" data-bg-animation=\"zoom-out-slow\" data-bg-animation-delay=\"\" data-bg-overlay=\"true\"><div class=\"inner-wrap row-bg-layer using-image\" ><div class=\"row-bg viewport-desktop using-image using-bg-color\" data-parallax-speed=\"fast\" style=\"background-image: url(https:\/\/thoi.art\/wp-content\/uploads\/2024\/09\/video.jpg); background-position: center center; background-repeat: no-repeat; background-color: #566678; \"><\/div><\/div><div class=\"row-bg-overlay row-bg-layer\" style=\"background: rgba(10,10,10,0.4); background: linear-gradient(to bottom,rgba(10,10,10,0.4) 0%,#0a0a0a 100%);  opacity: 0.95; \"><\/div><\/div><div class=\"row_col_wrap_12 col span_12 light left\">\n\t<div  class=\"vc_col-sm-12 wpb_column column_container vc_column_container col centered-text no-extra-padding el_spacing_0px inherit_tablet inherit_phone\"  data-padding-pos=\"all\" data-has-bg-color=\"false\" data-bg-color=\"\" data-bg-opacity=\"1\" data-animation=\"\" data-delay=\"0\" >\n\t\t<div class=\"vc_column-inner\" >\n\t\t\t<div class=\"wpb_wrapper\">\n\t\t\t\t<div id=\"fws_69dedf62a7b53\" data-midnight=\"\" data-column-margin=\"none\" class=\"wpb_row vc_row-fluid vc_row inner_row\"  style=\" z-index: 100;\"><div class=\"row-bg-wrap\"> <div class=\"row-bg\" ><\/div> <\/div><div class=\"row_col_wrap_12_inner col span_12  left\">\n\t<div  class=\"vc_col-sm-12 wpb_column column_container vc_column_container col child_column no-extra-padding inherit_tablet inherit_phone\"   data-padding-pos=\"all\" data-has-bg-color=\"false\" data-bg-color=\"\" data-bg-opacity=\"1\" data-animation=\"\" data-delay=\"0\" >\n\t\t<div class=\"vc_column-inner\" >\n\t\t<div class=\"wpb_wrapper\">\n\t\t\t<div class=\"nectar-split-heading  font_size_8vw\" data-align=\"default\" data-m-align=\"inherit\" data-text-effect=\"letter-reveal-bottom\" data-animation-type=\"line-reveal-by-space\" data-animation-delay=\"0\" data-animation-offset=\"\" data-m-rm-animation=\"\" data-stagger=\"true\" data-custom-font-size=\"true\" style=\"font-size: 8vw; line-height: 8.8vw;\"><h1 >Animaci\u00f3n\/Motion Graphics<\/h1><\/div>\n\t\t<\/div> \n\t<\/div>\n\t<\/div> \n<\/div><\/div><div id=\"fws_69dedf62a7d1e\" data-midnight=\"\" data-column-margin=\"default\" class=\"wpb_row vc_row-fluid vc_row inner_row  right_padding_25pct left_padding_25pct\"  style=\"padding-top: 1%; padding-bottom: 1%; \"><div class=\"row-bg-wrap\"> <div class=\"row-bg\" ><\/div> <\/div><div class=\"row_col_wrap_12_inner col span_12  left\">\n\t<div  class=\"vc_col-sm-12 wpb_column column_container vc_column_container col child_column has-animation no-extra-padding inherit_tablet inherit_phone\"   data-padding-pos=\"all\" data-has-bg-color=\"false\" data-bg-color=\"\" data-bg-opacity=\"1\" data-animation=\"fade-in-from-bottom\" data-delay=\"300\" >\n\t\t<div class=\"vc_column-inner\" >\n\t\t<div class=\"wpb_wrapper\">\n\t\t\t<div class=\"divider-wrap height_tablet_25px\" data-alignment=\"default\"><div style=\"padding-top: 25px; padding-bottom: 25px;\"  class=\"divider-vertical nectar-bg-white\"><\/div><\/div>\n\t\t<\/div> \n\t<\/div>\n\t<\/div> \n<\/div><\/div><div id=\"fws_69dedf62a7e4b\" data-midnight=\"\" data-column-margin=\"default\" class=\"wpb_row vc_row-fluid vc_row inner_row  right_padding_30pct left_padding_30pct right_padding_tablet_15pct right_padding_phone_8pct left_padding_tablet_15pct left_padding_phone_8pct\"  style=\"\"><div class=\"row-bg-wrap\"> <div class=\"row-bg\" ><\/div> <\/div><div class=\"row_col_wrap_12_inner col span_12  left\">\n\t<div  class=\"vc_col-sm-12 wpb_column column_container vc_column_container col child_column no-extra-padding inherit_tablet inherit_phone\"   data-padding-pos=\"all\" data-has-bg-color=\"false\" data-bg-color=\"\" data-bg-opacity=\"1\" data-animation=\"\" data-delay=\"0\" >\n\t\t<div class=\"vc_column-inner\" >\n\t\t<div class=\"wpb_wrapper\">\n\t\t\t<div class=\"nectar-split-heading  font_size_1-1vw font_size_tablet_18px font_size_phone_16px font_line_height_1-6\" data-align=\"default\" data-m-align=\"inherit\" data-text-effect=\"default\" data-animation-type=\"line-reveal-by-space\" data-animation-delay=\"500\" data-animation-offset=\"100%\" data-m-rm-animation=\"\" data-stagger=\"true\" data-custom-font-size=\"true\" style=\"font-size: 1.1vw; line-height: 1.21vw;\"><p >Need eye-catching motion graphics and videos to announce your product, service, or corporate message? Let us craft dynamic visuals that engage and inspire your audience. Elevate your brand with our expert video solutions!\"<\/p><\/div>\n\t\t<\/div> \n\t<\/div>\n\t<\/div> \n<\/div><\/div>\n\t\t\t<\/div> \n\t\t<\/div>\n\t<\/div> \n<\/div><\/div>\n\t\t<div id=\"fws_69dedf62a8015\"  data-column-margin=\"default\" data-midnight=\"light\" data-top-percent=\"12%\" data-bottom-percent=\"12%\"  class=\"wpb_row vc_row-fluid vc_row full-width-content vc_row-o-equal-height vc_row-flex vc_row-o-content-top parallax_section right_padding_10pct left_padding_10pct top_padding_tablet_25pct\"  style=\"padding-top: calc(100vw * 0.12); padding-bottom: calc(100vw * 0.12); \"><div class=\"row-bg-wrap\" data-bg-animation=\"zoom-out-slow\" data-bg-animation-delay=\"\" data-bg-overlay=\"true\"><div class=\"inner-wrap row-bg-layer using-image\" ><div class=\"row-bg viewport-desktop using-image using-bg-color\" data-parallax-speed=\"fast\" style=\"background-image: url(https:\/\/thoi.art\/wp-content\/uploads\/2024\/09\/video.jpg); background-position: center center; background-repeat: no-repeat; background-color: #566678; \"><\/div><\/div><div class=\"row-bg-overlay row-bg-layer\" style=\"background: rgba(10,10,10,0.4); background: linear-gradient(to bottom,rgba(10,10,10,0.4) 0%,#0a0a0a 100%);  opacity: 0.95; \"><\/div><\/div><div class=\"row_col_wrap_12 col span_12 light left\">\n\t<div  class=\"vc_col-sm-12 wpb_column column_container vc_column_container col centered-text no-extra-padding el_spacing_0px inherit_tablet inherit_phone\"  data-padding-pos=\"all\" data-has-bg-color=\"false\" data-bg-color=\"\" data-bg-opacity=\"1\" data-animation=\"\" data-delay=\"0\" >\n\t\t<div class=\"vc_column-inner\" >\n\t\t\t<div class=\"wpb_wrapper\">\n\t\t\t\t<div id=\"fws_69dedf62a80c1\" data-midnight=\"\" data-column-margin=\"none\" class=\"wpb_row vc_row-fluid vc_row inner_row\"  style=\" z-index: 100;\"><div class=\"row-bg-wrap\"> <div class=\"row-bg\" ><\/div> <\/div><div class=\"row_col_wrap_12_inner col span_12  left\">\n\t<div  class=\"vc_col-sm-12 wpb_column column_container vc_column_container col child_column no-extra-padding inherit_tablet inherit_phone\"   data-padding-pos=\"all\" data-has-bg-color=\"false\" data-bg-color=\"\" data-bg-opacity=\"1\" data-animation=\"\" data-delay=\"0\" >\n\t\t<div class=\"vc_column-inner\" >\n\t\t<div class=\"wpb_wrapper\">\n\t\t\t<div class=\"nectar-split-heading  font_size_8vw\" data-align=\"default\" data-m-align=\"inherit\" data-text-effect=\"letter-reveal-bottom\" data-animation-type=\"line-reveal-by-space\" data-animation-delay=\"0\" data-animation-offset=\"\" data-m-rm-animation=\"\" data-stagger=\"true\" data-custom-font-size=\"true\" style=\"font-size: 8vw; line-height: 8.8vw;\"><h1 >Animaci\u00f3n\/Motion Graphics<\/h1><\/div>\n\t\t<\/div> \n\t<\/div>\n\t<\/div> \n<\/div><\/div><div id=\"fws_69dedf62a819f\" data-midnight=\"\" data-column-margin=\"default\" class=\"wpb_row vc_row-fluid vc_row inner_row  right_padding_25pct left_padding_25pct\"  style=\"padding-top: 1%; padding-bottom: 1%; \"><div class=\"row-bg-wrap\"> <div class=\"row-bg\" ><\/div> <\/div><div class=\"row_col_wrap_12_inner col span_12  left\">\n\t<div  class=\"vc_col-sm-12 wpb_column column_container vc_column_container col child_column has-animation no-extra-padding inherit_tablet inherit_phone\"   data-padding-pos=\"all\" data-has-bg-color=\"false\" data-bg-color=\"\" data-bg-opacity=\"1\" data-animation=\"fade-in-from-bottom\" data-delay=\"300\" >\n\t\t<div class=\"vc_column-inner\" >\n\t\t<div class=\"wpb_wrapper\">\n\t\t\t<div class=\"divider-wrap height_tablet_25px\" data-alignment=\"default\"><div style=\"padding-top: 25px; padding-bottom: 25px;\"  class=\"divider-vertical nectar-bg-white\"><\/div><\/div>\n\t\t<\/div> \n\t<\/div>\n\t<\/div> \n<\/div><\/div><div id=\"fws_69dedf62a8275\" data-midnight=\"\" data-column-margin=\"default\" class=\"wpb_row vc_row-fluid vc_row inner_row  right_padding_30pct left_padding_30pct right_padding_tablet_15pct right_padding_phone_8pct left_padding_tablet_15pct left_padding_phone_8pct\"  style=\"\"><div class=\"row-bg-wrap\"> <div class=\"row-bg\" ><\/div> <\/div><div class=\"row_col_wrap_12_inner col span_12  left\">\n\t<div  class=\"vc_col-sm-12 wpb_column column_container vc_column_container col child_column no-extra-padding inherit_tablet inherit_phone\"   data-padding-pos=\"all\" data-has-bg-color=\"false\" data-bg-color=\"\" data-bg-opacity=\"1\" data-animation=\"\" data-delay=\"0\" >\n\t\t<div class=\"vc_column-inner\" >\n\t\t<div class=\"wpb_wrapper\">\n\t\t\t<div class=\"nectar-split-heading  font_size_1-1vw font_size_tablet_18px font_size_phone_16px font_line_height_1-6\" data-align=\"default\" data-m-align=\"inherit\" data-text-effect=\"default\" data-animation-type=\"line-reveal-by-space\" data-animation-delay=\"500\" data-animation-offset=\"100%\" data-m-rm-animation=\"\" data-stagger=\"true\" data-custom-font-size=\"true\" style=\"font-size: 1.1vw; line-height: 1.21vw;\"><p >Need eye-catching motion graphics and videos to announce your product, service, or corporate message? Let us craft dynamic visuals that engage and inspire your audience. Elevate your brand with our expert video solutions!\"<\/p><\/div>\n\t\t<\/div> \n\t<\/div>\n\t<\/div> \n<\/div><\/div>\n\t\t\t<\/div> \n\t\t<\/div>\n\t<\/div> \n<\/div><\/div>\n\t\t<div id=\"soluciones\"  data-column-margin=\"default\" data-midnight=\"dark\" data-top-percent=\"10%\" data-bottom-percent=\"8%\"  class=\"wpb_row vc_row-fluid vc_row full-width-content vc_row-o-equal-height vc_row-flex vc_row-o-content-top  top_margin_0px zindex-set right_padding_6pct left_padding_6pct top_padding_phone_25pct bottom_padding_phone_28pct right_padding_tablet_8pct right_padding_phone_24px left_padding_tablet_8pct left_padding_phone_24px\"  style=\"padding-top: calc(100vw * 0.10); padding-bottom: calc(100vw * 0.08);  z-index: 10;\"><div class=\"row-bg-wrap\" data-bg-animation=\"none\" data-bg-animation-delay=\"\" data-bg-overlay=\"false\"><div class=\"inner-wrap row-bg-layer\" ><div class=\"row-bg viewport-desktop using-bg-color\"  style=\"background-color: #ffffff; \"><\/div><\/div><\/div><div class=\"row_col_wrap_12 col span_12 dark left\">\n\t<div  class=\"vc_col-sm-12 wpb_column column_container vc_column_container col no-extra-padding inherit_tablet inherit_phone\"  data-padding-pos=\"all\" data-has-bg-color=\"false\" data-bg-color=\"\" data-bg-opacity=\"1\" data-animation=\"\" data-delay=\"0\" >\n\t\t<div class=\"vc_column-inner\" >\n\t\t\t<div class=\"wpb_wrapper\">\n\t\t\t\t<div class=\"nectar-sticky-media-sections media-width-65pct media-height-100vh content-spacing-30vh content-position-right mobile-aspect-ratio-1-1\"><div class=\"nectar-sticky-media-section__featured-media\"><div class=\"nectar-sticky-media-section__media-wrap active\"><div class=\"nectar-sticky-media-section__media\" data-type=\"video\"><video width=\"1800\" height=\"700\" preload=\"auto\" loop muted playsinline class=\"fit-cover align-default nectar-lazy-video\"><source data-nectar-video-src=\"https:\/\/thoi.art\/wp-content\/uploads\/2024\/03\/motion-c.mp4\"  type=\"video\/mp4\"><\/video><\/div><\/div><\/div><div class=\"nectar-sticky-media-section__content\"><div class=\"nectar-sticky-media-section__content-section\"><div class=\"nectar-sticky-media-content__media-wrap\"><div class=\"nectar-sticky-media-section__media\" data-type=\"video\"><video width=\"1800\" height=\"700\" preload=\"auto\" loop muted playsinline class=\"fit-cover align-default nectar-lazy-video\"><source data-nectar-video-src=\"https:\/\/thoi.art\/wp-content\/uploads\/2024\/03\/motion-c.mp4\"  type=\"video\/mp4\"><\/video><\/div><\/div><div id=\"fws_69dedf62a893e\" data-midnight=\"\" data-column-margin=\"default\" class=\"wpb_row vc_row-fluid vc_row inner_row\"  style=\"\"><div class=\"row-bg-wrap\"> <div class=\"row-bg\" ><\/div> <\/div><div class=\"row_col_wrap_12_inner col span_12  left\">\n\t<div  class=\"vc_col-sm-12 wpb_column column_container vc_column_container col child_column no-extra-padding inherit_tablet inherit_phone\"   data-padding-pos=\"all\" data-has-bg-color=\"false\" data-bg-color=\"\" data-bg-opacity=\"1\" data-animation=\"\" data-delay=\"0\" >\n\t\t<div class=\"vc_column-inner\" >\n\t\t<div class=\"wpb_wrapper\">\n\t\t\t\n\t<div class=\"wpb_raw_code wpb_content_element wpb_raw_html\" >\n\t\t<div class=\"wpb_wrapper\">\n\t\t\t<p class=\"titulo-thoi-animation\">Animation - Motion Graphics<\/p>\n\t\t<\/div>\n\t<\/div>\n<div class=\"nectar-responsive-text font_size_min_16px font_size_max_21px font_size_desktop_1-2vw font_line_height_1-7 nectar-link-underline-effect\"><p style=\"font-family: Montserrat !important;color: #000000\">Los gr\u00e1ficos animados crean contenido din\u00e1mico y atractivo que capta la atenci\u00f3n de los espectadores. <span style=\"color: #ff43a6\"><b>Los gr\u00e1ficos animados son eficaces para explicar conceptos o procesos complejos de una manera simplificada y visualmente atractiva. Tienen el poder de contar historias y evocar emociones.<\/b><\/span><br \/>\nPueden crear narrativas que conecten con el p\u00fablico, haciendo que las marcas resulten m\u00e1s cercanas y memorables.<\/p>\n<\/div><div class=\"nectar-cta  alignment_tablet_default alignment_phone_default display_tablet_inherit display_phone_inherit\" data-color=\"default\" data-using-bg=\"false\" data-style=\"arrow-animation\" data-display=\"block\" data-alignment=\"left\" data-text-color=\"custom\" style=\"margin-top: 40px; margin-bottom: 20px; \"><p style=\"color: #ff43a6;\"><span class=\"link_wrap\" style=\"padding-top: 20px; padding-right: 40px; padding-bottom: 20px; padding-left: 40px;\"><a  rel=\"nofollow\" class=\"link_text\" role=\"button\" href=\"https:\/\/wa.me\/5215631273751\"><span class=\"text\">Quiero empezar<\/span><svg class=\"next-arrow\" aria-hidden=\"true\" width=\"20px\" height=\"25px\" viewbox=\"0 0 50 80\" xml:space=\"preserve\">\n  <polyline stroke=\"#ffffff\" stroke-width=\"9\" fill=\"none\" stroke-linecap=\"round\" stroke-linejoin=\"round\" points=\"0, 0 45, 40 0, 80\"\/>\n  <\/svg>  <span class=\"line\"  style=\"background-color: #ff43a6;\"><\/span> <\/a><\/span><\/p><\/div>\n\t\t<\/div> \n\t<\/div>\n\t<\/div> \n<\/div><\/div><\/div><\/div><\/div>\n\t\t\t<\/div> \n\t\t<\/div>\n\t<\/div> \n<\/div><\/div>\n\t\t<div id=\"fws_69dedf62a8efc\"  data-column-margin=\"default\" data-midnight=\"dark\"  class=\"wpb_row vc_row-fluid vc_row full-width-section\"  style=\"padding-top: 0px; padding-bottom: 0px; \"><div class=\"row-bg-wrap\" data-bg-animation=\"none\" data-bg-animation-delay=\"\" data-bg-overlay=\"false\"><div class=\"inner-wrap row-bg-layer\" ><div class=\"row-bg viewport-desktop using-bg-color\"  style=\"background-color: #f2f2f2; \"><\/div><\/div><\/div><div class=\"row_col_wrap_12 col span_12 dark left\">\n\t<div style=\" color: #ffffff;\" class=\"vc_col-sm-12 wpb_column column_container vc_column_container col no-extra-padding inherit_tablet inherit_phone\" data-cfc=\"true\"  data-padding-pos=\"all\" data-has-bg-color=\"false\" data-bg-color=\"\" data-bg-opacity=\"1\" data-animation=\"\" data-delay=\"0\" >\n\t\t<div class=\"vc_column-inner\" style=\"transform:  translateY(-50%);\">\n\t\t\t<div class=\"wpb_wrapper\">\n\t\t\t\t<div id=\"fws_69dedf62a8fbd\" data-midnight=\"\" data-column-margin=\"default\" class=\"wpb_row vc_row-fluid vc_row inner_row  translate_y_20pct\"  style=\"\"><div class=\"row-bg-wrap\"> <div class=\"row-bg\" ><\/div> <\/div><div class=\"row_col_wrap_12_inner col span_12  left\">\n\t<div style=\" color: #ffffff;margin-top: 15px; \" class=\"vc_col-sm-12 wpb_column column_container vc_column_container col child_column centered-text has-animation padding-5-percent inherit_tablet inherit_phone\" data-cfc=\"true\" data-using-bg=\"true\" data-shadow=\"x_large_depth\" data-border-radius=\"20px\" data-padding-pos=\"all\" data-has-bg-color=\"true\" data-bg-color=\"#ff43a6\" data-bg-opacity=\"1\" data-animation=\"flip-in-vertical\" data-delay=\"0\" >\n\t\t<div class=\"vc_column-inner\" ><div class=\"column-bg-overlay-wrap column-bg-layer\" data-bg-animation=\"none\"><div class=\"column-bg-overlay\" style=\"opacity: 1; background-color: #ff43a6;\"><\/div><\/div>\n\t\t<div class=\"wpb_wrapper\">\n\t\t\t<h3 style=\"text-align: center;font-family:Telex;font-weight:400;font-style:normal\" class=\"vc_custom_heading font-thoi\" >Crea hoy mismo el v\u00eddeo de tus sue\u00f1os.<\/h3><a class=\"nectar-button large see-through-2\"  role=\"button\" style=\"margin-top: 30px; margin-bottom: 1px; border-color: #ffffff; color: #ffffff;\" target=\"_blank\" href=\"https:\/\/themeforest.net\/item\/salient-responsive-multipurpose-theme\/4363266\" data-color-override=\"#ffffff\"  data-hover-color-override=\"#ffffff\" data-hover-text-color-override=\"#000000\"><span>Disponibilidad para trabajar<\/span><\/a>\n\t\t<\/div> \n\t<\/div>\n\t<\/div> \n<\/div><\/div>\n\t\t\t<\/div> \n\t\t<\/div>\n\t<\/div> \n<\/div><\/div>\n\t\t<div id=\"fws_69dedf62a9a94\"  data-column-margin=\"default\" data-midnight=\"light\" data-nectar-animate-settings=\"{&quot;animations&quot;:{&quot;desktop&quot;:{&quot;clipPath&quot;:{&quot;start&quot;:&quot;inset(0 14% 0 14% round 20px)&quot;,&quot;end&quot;:&quot;inset(0 0% 0 0% round 0px)&quot;}},&quot;tablet&quot;:{&quot;clipPath&quot;:{&quot;start&quot;:&quot;inset(0 0 0 0 round 0)&quot;,&quot;end&quot;:&quot;inset(0 0 0 0 round 0.1px)&quot;}},&quot;phone&quot;:{&quot;clipPath&quot;:{&quot;start&quot;:&quot;inset(0 0 0 0 round 0)&quot;,&quot;end&quot;:&quot;inset(0 0 0 0 round 0.1px)&quot;}}},&quot;offsets&quot;:{&quot;start&quot;:&quot;0.00&quot;,&quot;end&quot;:&quot;100.00&quot;,&quot;origin&quot;:&quot;top&quot;},&quot;config&quot;:[]}\"  class=\"wpb_row vc_row-fluid vc_row full-width-content vc_row-o-equal-height vc_row-flex vc_row-o-content-top ocultar-thoi zindex-set\"  style=\"padding-top: 0px; padding-bottom: 0px;  z-index: 10;\"><div class=\"row-bg-wrap\" data-bg-animation=\"clip-path\" data-bg-animation-delay=\"\" data-bg-overlay=\"false\"><div class=\"inner-wrap row-bg-layer\" ><div class=\"row-bg viewport-desktop\"  style=\"\"><\/div><\/div><div class=\"row-bg-overlay row-bg-layer\" style=\"background:linear-gradient(0deg, rgba(0,0,0,0.478) 0%, rgba(243,243,243,0) 48%);\"><\/div><\/div>\n\t\t\t<div class=\"video-color-overlay row-bg-layer\" data-color=\"\"><\/div>\n\t\t\t\n\t\t\t<div class=\"nectar-video-wrap row-bg-layer\" data-bg-alignment=\"\">\n\t\t\t\t<div class=\"nectar-video-inner\">\n\t\t\t\t<video class=\"nectar-video-bg nectar-lazy-video\" width=\"1800\" height=\"700\" preload=\"auto\" loop autoplay muted playsinline><source data-nectar-video-src=\"https:\/\/thoi.art\/wp-content\/uploads\/2024\/03\/intro-home-thoi.mp4\"  type=\"video\/mp4\"><\/video>    \t\t<\/div>\n\t\t\t <\/div>\n\n\t\t\t<div class=\"row_col_wrap_12 col span_12 light left\">\n\t<div  class=\"vc_col-sm-12 wpb_column column_container vc_column_container col no-extra-padding el_spacing_0px inherit_tablet inherit_phone\"  data-padding-pos=\"all\" data-has-bg-color=\"false\" data-bg-color=\"\" data-bg-opacity=\"1\" data-animation=\"\" data-delay=\"0\" >\n\t\t<div class=\"vc_column-inner\" >\n\t\t\t<div class=\"wpb_wrapper\">\n\t\t\t\t<div class=\"nectar_video_player_self_hosted wpb_video_widget wpb_content_element vc_clearfix vc_video-aspect-ratio-169 vc_video-el-width-100 vc_video-align-left tablet-aspect-43 play_button_hover\" data-border-radius=\"none\" data-shadow=\"none\">\n<div class=\"wpb_wrapper\"><div class=\"wpb_video_wrapper\"><a href=\"https:\/\/vimeo.com\/917702405\" data-play_button_color=\"#0000ff\" data-play_button_icon_color=\"#ffffff\" class=\"nectar_video_lightbox_trigger pp play_button follow_mouse\"><span class=\"screen-reader-text\">Play Video<\/span><span class=\"play\"><svg class=\"inner\" version=\"1.1\"\n    xmlns=\"http:\/\/www.w3.org\/2000\/svg\" xmlns:xlink=\"http:\/\/www.w3.org\/1999\/xlink\" width=\"600px\" height=\"800px\" x=\"0px\" y=\"0px\" viewbox=\"0 0 600 800\" enable-background=\"new 0 0 600 800\" xml:space=\"preserve\"><path fill=\"none\" d=\"M0-1.79v800L600,395L0-1.79z\"><\/path><\/svg><\/span><\/a><video width=\"1280\" height=\"720\" class=\"nectar-video-self-hosted no-video\" preload=\"auto\" loop autoplay muted playsinline><\/video><\/div><\/div><\/div>\n\t\t\t<\/div> \n\t\t<\/div>\n\t<\/div> \n<\/div><\/div>","protected":false},"excerpt":{"rendered":"Animation\/Motion Graphics Need eye-catching motion graphics and videos to announce your product, service, or corporate message? Let us...","protected":false},"author":1,"featured_media":0,"parent":0,"menu_order":0,"comment_status":"closed","ping_status":"closed","template":"","meta":{"_joinchat":[],"footnotes":""},"class_list":["post-5974","page","type-page","status-publish"],"_links":{"self":[{"href":"https:\/\/thoi.art\/es\/wp-json\/wp\/v2\/pages\/5974","targetHints":{"allow":["GET"]}}],"collection":[{"href":"https:\/\/thoi.art\/es\/wp-json\/wp\/v2\/pages"}],"about":[{"href":"https:\/\/thoi.art\/es\/wp-json\/wp\/v2\/types\/page"}],"author":[{"embeddable":true,"href":"https:\/\/thoi.art\/es\/wp-json\/wp\/v2\/users\/1"}],"replies":[{"embeddable":true,"href":"https:\/\/thoi.art\/es\/wp-json\/wp\/v2\/comments?post=5974"}],"version-history":[{"count":13,"href":"https:\/\/thoi.art\/es\/wp-json\/wp\/v2\/pages\/5974\/revisions"}],"predecessor-version":[{"id":7756,"href":"https:\/\/thoi.art\/es\/wp-json\/wp\/v2\/pages\/5974\/revisions\/7756"}],"wp:attachment":[{"href":"https:\/\/thoi.art\/es\/wp-json\/wp\/v2\/media?parent=5974"}],"curies":[{"name":"wp","href":"https:\/\/api.w.org\/{rel}","templated":true}]}}